{"id":117,"date":"2024-09-18T00:48:49","date_gmt":"2024-09-18T00:48:49","guid":{"rendered":"https:\/\/yoestoy.online\/gracielaabad\/?page_id=117"},"modified":"2024-10-09T00:46:25","modified_gmt":"2024-10-09T00:46:25","slug":"servicios-de-genealogia","status":"publish","type":"page","link":"https:\/\/yoestoy.online\/gracielaabad\/servicios-de-genealogia\/","title":{"rendered":"Servicios de Genealog\u00eda"},"content":{"rendered":"\n<p><strong>Descubre tu historia familiar con Graciela Abad<\/strong><\/p>\n\n\n\n<figure class=\"wp-block-image alignright size-full is-resized\"><a href=\"https:\/\/yoestoy.online\/gracielaabad\/wp-content\/uploads\/2024\/06\/hoja.png\"><img loading=\"lazy\" decoding=\"async\" width=\"720\" height=\"720\" src=\"https:\/\/yoestoy.online\/gracielaabad\/wp-content\/uploads\/2024\/06\/hoja.png\" alt=\"\" class=\"wp-image-6\" style=\"width:369px;height:auto\" srcset=\"https:\/\/yoestoy.online\/gracielaabad\/wp-content\/uploads\/2024\/06\/hoja.png 720w, https:\/\/yoestoy.online\/gracielaabad\/wp-content\/uploads\/2024\/06\/hoja-300x300.png 300w, https:\/\/yoestoy.online\/gracielaabad\/wp-content\/uploads\/2024\/06\/hoja-150x150.png 150w\" sizes=\"auto, (max-width: 720px) 100vw, 720px\" \/><\/a><\/figure>\n\n\n\n<p>Bienvenidos al sitio oficial de <strong>Graciela Abad<\/strong>, donde te ayudamos a conectar con tu pasado y preservar el legado de tus ancestros. <\/p>\n\n\n\n<p>Con m\u00e1s de 25 a\u00f1os de experiencia, Graciela ofrece servicios especializados en genealog\u00eda, para que puedas descubrir la historia detr\u00e1s de tu apellido y tus antepasados.<\/p>\n\n\n\n<h3 class=\"wp-block-heading\">Nuestros Servicios:<\/h3>\n\n\n\n<ul class=\"wp-block-list\">\n<li><strong>Investigaci\u00f3n Geneal\u00f3gica Personalizada<\/strong><br>Ya seas un entusiasta aficionado o un investigador experimentado, ofrecemos estudios detallados que te ayudar\u00e1n a construir tu \u00e1rbol geneal\u00f3gico y descubrir datos importantes de tu linaje. Cada investigaci\u00f3n est\u00e1 guiada por el compromiso con la precisi\u00f3n, el respeto y la integridad.<\/li>\n\n\n\n<li><strong>Libros Especializados<\/strong><br>Accede a las publicaciones de Graciela Abad, reconocidas en el mundo de la genealog\u00eda por su profundidad y precisi\u00f3n. Estos libros no solo proporcionan datos revisados, sino tambi\u00e9n historias familiares que aportan un contexto \u00fanico para genealogistas profesionales o aficionados.<\/li>\n\n\n\n<li><strong>Asesoramiento para Ciudadan\u00eda<\/strong><br>Si buscas enlazar a un antepasado para tramitar la doble ciudadan\u00eda, estamos aqu\u00ed para ofrecerte herramientas y gu\u00edas que te faciliten este proceso, ayud\u00e1ndote a encontrar los v\u00ednculos familiares necesarios.<\/li>\n\n\n\n<li><strong>Charlas y Talleres<\/strong><br>\u00danete a nuestras charlas y talleres, donde Graciela comparte su experiencia y te gu\u00eda en la investigaci\u00f3n geneal\u00f3gica. Ya sea que est\u00e9s comenzando o seas un genealogista profesional, encontrar\u00e1s en estos eventos una fuente invaluable de conocimiento.<\/li>\n<\/ul>\n\n\n\n<h3 class=\"wp-block-heading\">\u00bfA qui\u00e9n est\u00e1 dirigido?<\/h3>\n\n\n\n<ul class=\"wp-block-list\">\n<li><strong>Profesionales en Genealog\u00eda<\/strong><br>Para expertos en historia familiar y disciplinas afines, nuestros libros y servicios son una fuente confiable para validar datos y profundizar en investigaciones.<\/li>\n\n\n\n<li><strong>Personas interesadas en su historia familiar<\/strong><br>Si te interesa conocer los or\u00edgenes de tu apellido o linaje, nuestros servicios te ayudar\u00e1n a explorar tus ra\u00edces y descubrir la historia de tu familia.<\/li>\n\n\n\n<li><strong>Familias que buscan la doble ciudadan\u00eda<\/strong><br>J\u00f3venes y padres que deseen obtener la doble ciudadan\u00eda para ellos o sus hijos encontrar\u00e1n el apoyo necesario para rastrear a sus antepasados y cumplir con los requisitos de nacionalidad.<\/li>\n<\/ul>\n\n\n\n<h3 class=\"wp-block-heading\">Compromiso con la Excelencia<\/h3>\n\n\n\n<p>Nuestra misi\u00f3n es brindarte un servicio personalizado y profesional en cada etapa de la investigaci\u00f3n. <\/p>\n\n\n\n<p>Cada proyecto es abordado con la m\u00e1xima atenci\u00f3n al detalle, asegur\u00e1ndonos de que cada dato sea preciso y respetuoso con tu historia familiar.<\/p>\n\n\n\n<p><strong><a href=\"https:\/\/yoestoy.online\/gracielaabad\/enviar-mensaje\/\">Con\u00e9ctate con nosotros<\/a> y descubre tu historia familiar hoy mismo.<\/strong> <br><\/p>\n","protected":false},"excerpt":{"rendered":"<p>Descubre tu historia familiar con Graciela Abad Bienvenidos al sitio oficial de Graciela Abad, donde te ayudamos a conectar con tu pasado y preservar el legado de tus ancestros. Con m\u00e1s de 25 a\u00f1os de experiencia, Graciela ofrece servicios especializados en genealog\u00eda, para que puedas descubrir la historia detr\u00e1s de tu apellido y tus antepasados. [&hellip;]<\/p>\n","protected":false},"author":3,"featured_media":0,"parent":0,"menu_order":0,"comment_status":"closed","ping_status":"closed","template":"","meta":{"footnotes":""},"class_list":["post-117","page","type-page","status-publish","hentry"],"_links":{"self":[{"href":"https:\/\/yoestoy.online\/gracielaabad\/wp-json\/wp\/v2\/pages\/117","targetHints":{"allow":["GET"]}}],"collection":[{"href":"https:\/\/yoestoy.online\/gracielaabad\/wp-json\/wp\/v2\/pages"}],"about":[{"href":"https:\/\/yoestoy.online\/gracielaabad\/wp-json\/wp\/v2\/types\/page"}],"author":[{"embeddable":true,"href":"https:\/\/yoestoy.online\/gracielaabad\/wp-json\/wp\/v2\/users\/3"}],"replies":[{"embeddable":true,"href":"https:\/\/yoestoy.online\/gracielaabad\/wp-json\/wp\/v2\/comments?post=117"}],"version-history":[{"count":4,"href":"https:\/\/yoestoy.online\/gracielaabad\/wp-json\/wp\/v2\/pages\/117\/revisions"}],"predecessor-version":[{"id":136,"href":"https:\/\/yoestoy.online\/gracielaabad\/wp-json\/wp\/v2\/pages\/117\/revisions\/136"}],"wp:attachment":[{"href":"https:\/\/yoestoy.online\/gracielaabad\/wp-json\/wp\/v2\/media?parent=117"}],"curies":[{"name":"wp","href":"https:\/\/api.w.org\/{rel}","templated":true}]}}