{"id":33,"date":"2024-06-08T20:15:49","date_gmt":"2024-06-08T20:15:49","guid":{"rendered":"https:\/\/yoestoy.online\/gracielaabad\/?page_id=33"},"modified":"2024-10-09T02:14:32","modified_gmt":"2024-10-09T02:14:32","slug":"home","status":"publish","type":"page","link":"https:\/\/yoestoy.online\/gracielaabad\/","title":{"rendered":"HOME"},"content":{"rendered":"\n<p>Bienvenidos al sitio oficial de&nbsp;<strong>Graciela Abad<\/strong>, donde te ayudamos a conectar con tu pasado y preservar el legado de tus ancestros.<\/p>\n\n\n\n<p>Con m\u00e1s de 25 a\u00f1os de experiencia, Graciela ofrece servicios especializados en genealog\u00eda, para que puedas descubrir la historia detr\u00e1s de tu apellido y tus antepasados.<\/p>\n\n\n\n<blockquote class=\"wp-block-quote is-layout-flow wp-block-quote-is-layout-flow\">\n<p><strong>De la Wikipedia:<\/strong><em> La Genealog\u00eda (tambi\u00e9n conocida como historia familiar) es el estudio y seguimiento de la ascendencia y descendencia de una persona o familia. Se llama de igual manera al documento que registra dicho estudio, normalmente expresado como un \u00ab\u00e1rbol geneal\u00f3gico\u00bb.<\/em><\/p>\n<\/blockquote>\n\n\n\n<p><\/p>\n\n\n\n<ul class=\"wp-block-list\">\n<li><a href=\"https:\/\/yoestoy.online\/gracielaabad\/enviar-mensaje\/\" data-type=\"page\" data-id=\"104\">Contacta con Graciela Abad, genealogista profesional<\/a><\/li>\n\n\n\n<li><a href=\"https:\/\/yoestoy.online\/gracielaabad\/links-a-sitios-utiles\/\" data-type=\"page\" data-id=\"82\">Links \u00fatiles sobre genealog\u00eda<\/a><\/li>\n<\/ul>\n\n\n\n<p>Copyright \u00a9 Graciela Abad<\/p>\n\n\n\n<p><\/p>\n","protected":false},"excerpt":{"rendered":"<p>Bienvenidos al sitio oficial de&nbsp;Graciela Abad, donde te ayudamos a conectar con tu pasado y preservar el legado de tus ancestros. Con m\u00e1s de 25 a\u00f1os de experiencia, Graciela ofrece servicios especializados en genealog\u00eda, para que puedas descubrir la historia detr\u00e1s de tu apellido y tus antepasados. De la Wikipedia: La Genealog\u00eda (tambi\u00e9n conocida como [&hellip;]<\/p>\n","protected":false},"author":3,"featured_media":0,"parent":0,"menu_order":0,"comment_status":"closed","ping_status":"closed","template":"","meta":{"footnotes":""},"class_list":["post-33","page","type-page","status-publish","hentry"],"_links":{"self":[{"href":"https:\/\/yoestoy.online\/gracielaabad\/wp-json\/wp\/v2\/pages\/33","targetHints":{"allow":["GET"]}}],"collection":[{"href":"https:\/\/yoestoy.online\/gracielaabad\/wp-json\/wp\/v2\/pages"}],"about":[{"href":"https:\/\/yoestoy.online\/gracielaabad\/wp-json\/wp\/v2\/types\/page"}],"author":[{"embeddable":true,"href":"https:\/\/yoestoy.online\/gracielaabad\/wp-json\/wp\/v2\/users\/3"}],"replies":[{"embeddable":true,"href":"https:\/\/yoestoy.online\/gracielaabad\/wp-json\/wp\/v2\/comments?post=33"}],"version-history":[{"count":5,"href":"https:\/\/yoestoy.online\/gracielaabad\/wp-json\/wp\/v2\/pages\/33\/revisions"}],"predecessor-version":[{"id":145,"href":"https:\/\/yoestoy.online\/gracielaabad\/wp-json\/wp\/v2\/pages\/33\/revisions\/145"}],"wp:attachment":[{"href":"https:\/\/yoestoy.online\/gracielaabad\/wp-json\/wp\/v2\/media?parent=33"}],"curies":[{"name":"wp","href":"https:\/\/api.w.org\/{rel}","templated":true}]}}